{"id":3641,"date":"2025-10-23T15:50:10","date_gmt":"2025-10-23T18:50:10","guid":{"rendered":"http:\/\/ccb1.hospedagemdesites.ws\/home\/?page_id=3641"},"modified":"2026-03-04T22:28:10","modified_gmt":"2026-03-05T01:28:10","slug":"oficinas","status":"publish","type":"page","link":"https:\/\/ccb.art.br\/home\/oficinas\/","title":{"rendered":"Oficinas"},"content":{"rendered":"\t\t<div data-elementor-type=\"wp-page\" data-elementor-id=\"3641\" class=\"elementor elementor-3641\">\n\t\t\t\t<div class=\"elementor-element elementor-element-9468122 e-flex e-con-boxed e-con e-parent\" data-id=\"9468122\" data-element_type=\"container\" data-settings=\"{&quot;background_background&quot;:&quot;classic&quot;}\">\n\t\t\t\t\t<div class=\"e-con-inner\">\n\t\t<div class=\"elementor-element elementor-element-7273d2c e-con-full e-flex e-con e-child\" data-id=\"7273d2c\" data-element_type=\"container\">\n\t\t<div class=\"elementor-element elementor-element-6df16f5 e-con-full animated-slow e-flex elementor-invisible e-con e-child\" data-id=\"6df16f5\" data-element_type=\"container\" data-settings=\"{&quot;animation&quot;:&quot;zoomIn&quot;}\">\n\t\t\t\t<div class=\"elementor-element elementor-element-2dbd9b9 elementor-widget elementor-widget-heading\" data-id=\"2dbd9b9\" data-element_type=\"widget\" data-widget_type=\"heading.default\">\n\t\t\t\t<div class=\"elementor-widget-container\">\n\t\t\t\t\t<h2 class=\"elementor-heading-title elementor-size-default\">Pr\u00f3ximas Oficinas<\/h2>\t\t\t\t<\/div>\n\t\t\t\t<\/div>\n\t\t\t\t<div class=\"elementor-element elementor-element-7fd8c07 elementor-widget-divider--view-line elementor-widget elementor-widget-divider\" data-id=\"7fd8c07\" data-element_type=\"widget\" data-widget_type=\"divider.default\">\n\t\t\t\t<div class=\"elementor-widget-container\">\n\t\t\t\t\t\t\t<div class=\"elementor-divider\">\n\t\t\t<span class=\"elementor-divider-separator\">\n\t\t\t\t\t\t<\/span>\n\t\t<\/div>\n\t\t\t\t\t\t<\/div>\n\t\t\t\t<\/div>\n\t\t\t\t<\/div>\n\t\t<div class=\"elementor-element elementor-element-085fc3d e-con-full animated-slow e-flex elementor-invisible e-con e-child\" data-id=\"085fc3d\" data-element_type=\"container\" data-settings=\"{&quot;animation&quot;:&quot;fadeIn&quot;}\">\n\t\t<div class=\"elementor-element elementor-element-d43c4e0 e-con-full animated-fast e-flex elementor-invisible e-con e-child\" data-id=\"d43c4e0\" data-element_type=\"container\" data-settings=\"{&quot;animation&quot;:&quot;zoomIn&quot;}\">\n\t\t\t\t<div class=\"elementor-element elementor-element-5bef0d0 elementor-widget elementor-widget-image\" data-id=\"5bef0d0\" data-element_type=\"widget\" data-widget_type=\"image.default\">\n\t\t\t\t<div class=\"elementor-widget-container\">\n\t\t\t\t\t\t\t\t\t\t\t\t<figure class=\"wp-caption\">\n\t\t\t\t\t\t\t\t\t\t\t<a href=\"https:\/\/www.instagram.com\/p\/DQxHvakAawI\/\">\n\t\t\t\t\t\t\t<img fetchpriority=\"high\" decoding=\"async\" width=\"640\" height=\"801\" src=\"https:\/\/ccb.art.br\/home\/wp-content\/uploads\/2026\/03\/taichi-tania-1.webp\" class=\"elementor-animation-float attachment-large size-large wp-image-4548\" alt=\"\" srcset=\"https:\/\/ccb.art.br\/home\/wp-content\/uploads\/2026\/03\/taichi-tania-1.webp 640w, https:\/\/ccb.art.br\/home\/wp-content\/uploads\/2026\/03\/taichi-tania-1-240x300.webp 240w\" sizes=\"(max-width: 640px) 100vw, 640px\" \/>\t\t\t\t\t\t\t\t<\/a>\n\t\t\t\t\t\t\t\t\t\t\t<figcaption class=\"widget-image-caption wp-caption-text\"><\/figcaption>\n\t\t\t\t\t\t\t\t\t\t<\/figure>\n\t\t\t\t\t\t\t\t\t<\/div>\n\t\t\t\t<\/div>\n\t\t\t\t<\/div>\n\t\t<div class=\"elementor-element elementor-element-f2cc6e8 e-con-full animated-slow e-flex elementor-invisible e-con e-child\" data-id=\"f2cc6e8\" data-element_type=\"container\" data-settings=\"{&quot;animation&quot;:&quot;zoomIn&quot;}\">\n\t\t\t\t<div class=\"elementor-element elementor-element-f956d59 elementor-widget elementor-widget-image\" data-id=\"f956d59\" data-element_type=\"widget\" data-widget_type=\"image.default\">\n\t\t\t\t<div class=\"elementor-widget-container\">\n\t\t\t\t\t\t\t\t\t\t\t\t<figure class=\"wp-caption\">\n\t\t\t\t\t\t\t\t\t\t<img decoding=\"async\" width=\"1279\" height=\"1600\" src=\"https:\/\/ccb.art.br\/home\/wp-content\/uploads\/2026\/03\/flavia-mazal-danca-afro.jpg\" class=\"elementor-animation-float attachment-full size-full wp-image-4547\" alt=\"\" srcset=\"https:\/\/ccb.art.br\/home\/wp-content\/uploads\/2026\/03\/flavia-mazal-danca-afro.jpg 1279w, https:\/\/ccb.art.br\/home\/wp-content\/uploads\/2026\/03\/flavia-mazal-danca-afro-240x300.jpg 240w, https:\/\/ccb.art.br\/home\/wp-content\/uploads\/2026\/03\/flavia-mazal-danca-afro-819x1024.jpg 819w, https:\/\/ccb.art.br\/home\/wp-content\/uploads\/2026\/03\/flavia-mazal-danca-afro-768x961.jpg 768w, https:\/\/ccb.art.br\/home\/wp-content\/uploads\/2026\/03\/flavia-mazal-danca-afro-1228x1536.jpg 1228w\" sizes=\"(max-width: 1279px) 100vw, 1279px\" \/>\t\t\t\t\t\t\t\t\t\t\t<figcaption class=\"widget-image-caption wp-caption-text\"><\/figcaption>\n\t\t\t\t\t\t\t\t\t\t<\/figure>\n\t\t\t\t\t\t\t\t\t<\/div>\n\t\t\t\t<\/div>\n\t\t\t\t<\/div>\n\t\t<div class=\"elementor-element elementor-element-77d8e5f e-con-full e-flex elementor-invisible e-con e-child\" data-id=\"77d8e5f\" data-element_type=\"container\" data-settings=\"{&quot;animation&quot;:&quot;zoomIn&quot;}\">\n\t\t\t\t<div class=\"elementor-element elementor-element-c08113d elementor-widget elementor-widget-image\" data-id=\"c08113d\" data-element_type=\"widget\" data-widget_type=\"image.default\">\n\t\t\t\t<div class=\"elementor-widget-container\">\n\t\t\t\t\t\t\t\t\t\t\t\t<figure class=\"wp-caption\">\n\t\t\t\t\t\t\t\t\t\t<img decoding=\"async\" width=\"819\" height=\"1024\" src=\"https:\/\/ccb.art.br\/home\/wp-content\/uploads\/2026\/02\/aulas-forro-quintas-819x1024.jpg\" class=\"elementor-animation-float attachment-large size-large wp-image-4525\" alt=\"\" srcset=\"https:\/\/ccb.art.br\/home\/wp-content\/uploads\/2026\/02\/aulas-forro-quintas-819x1024.jpg 819w, https:\/\/ccb.art.br\/home\/wp-content\/uploads\/2026\/02\/aulas-forro-quintas-240x300.jpg 240w, https:\/\/ccb.art.br\/home\/wp-content\/uploads\/2026\/02\/aulas-forro-quintas-768x960.jpg 768w, https:\/\/ccb.art.br\/home\/wp-content\/uploads\/2026\/02\/aulas-forro-quintas-1229x1536.jpg 1229w, https:\/\/ccb.art.br\/home\/wp-content\/uploads\/2026\/02\/aulas-forro-quintas.jpg 1280w\" sizes=\"(max-width: 819px) 100vw, 819px\" \/>\t\t\t\t\t\t\t\t\t\t\t<figcaption class=\"widget-image-caption wp-caption-text\"><\/figcaption>\n\t\t\t\t\t\t\t\t\t\t<\/figure>\n\t\t\t\t\t\t\t\t\t<\/div>\n\t\t\t\t<\/div>\n\t\t\t\t<\/div>\n\t\t\t\t<\/div>\n\t\t\t\t<div class=\"elementor-element elementor-element-dbd0348 animated-slow elementor-invisible elementor-widget elementor-widget-text-editor\" data-id=\"dbd0348\" data-element_type=\"widget\" data-settings=\"{&quot;_animation&quot;:&quot;zoomIn&quot;}\" data-widget_type=\"text-editor.default\">\n\t\t\t\t<div class=\"elementor-widget-container\">\n\t\t\t\t\t\t\t\t\t<p><b>Descubra um Espa\u00e7o para Sua Arte e Conhecimento no CCB!<\/b><\/p><p>O Centro Cultural Butant\u00e3 (CCB) abre suas portas para profissionais que desejam enriquecer a comunidade local. Se voc\u00ea \u00e9 professor, artista ou oficineiro, o CCB oferece um ambiente inspirador para aulas, workshops e projetos culturais, promovendo a troca de saberes e a criatividade em diversas \u00e1reas.<\/p><p><b>Oportunidades Flex\u00edveis em Nossas 04 Salas<\/b><\/p><p>Com 04 salas dispon\u00edveis e hor\u00e1rios flex\u00edveis, o CCB \u00e9 o espa\u00e7o ideal para sua proposta. Seja para m\u00fasica, dan\u00e7a, teatro, culin\u00e1ria ou outras express\u00f5es culturais, nossas salas s\u00e3o vers\u00e1teis e adapt\u00e1veis, garantindo que voc\u00ea ministre suas atividades com excel\u00eancia e conforto, alcan\u00e7ando um p\u00fablico engajado.<\/p><p><b>Envie Sua Proposta e Fa\u00e7a Parte da Nossa Comunidade Cultural!<\/b><\/p><p>Junte-se \u00e0 vibrante rede de profissionais do Centro Cultural Butant\u00e3. Compartilhe seu conhecimento e paix\u00e3o em um espa\u00e7o que valoriza a cultura e o aprendizado. Mandem suas propostas e venham nos conhecer! Estamos ansiosos para construir juntos uma programa\u00e7\u00e3o cultural diversa e impactante. O CCB pode ser o parceiro ideal para seu projeto.<\/p>\t\t\t\t\t\t\t\t<\/div>\n\t\t\t\t<\/div>\n\t\t\t\t<\/div>\n\t\t\t\t\t<\/div>\n\t\t\t\t<\/div>\n\t\t\t\t<\/div>\n\t\t","protected":false},"excerpt":{"rendered":"<p>Pr\u00f3ximas Oficinas Descubra um Espa\u00e7o para Sua Arte e Conhecimento no CCB! O Centro Cultural Butant\u00e3 (CCB) abre suas portas para profissionais que desejam enriquecer a comunidade local. Se voc\u00ea \u00e9 professor, artista ou oficineiro, o CCB oferece um ambiente inspirador para aulas, workshops e projetos culturais, promovendo a troca de saberes e a criatividade [&hellip;]<\/p>\n","protected":false},"author":1,"featured_media":0,"parent":0,"menu_order":0,"comment_status":"closed","ping_status":"closed","template":"","meta":{"site-sidebar-layout":"no-sidebar","site-content-layout":"page-builder","ast-site-content-layout":"full-width-container","site-content-style":"unboxed","site-sidebar-style":"unboxed","ast-global-header-display":"","ast-banner-title-visibility":"","ast-main-header-display":"","ast-hfb-above-header-display":"","ast-hfb-below-header-display":"","ast-hfb-mobile-header-display":"","site-post-title":"disabled","ast-breadcrumbs-content":"disabled","ast-featured-img":"disabled","footer-sml-layout":"","theme-transparent-header-meta":"enabled","adv-header-id-meta":"","stick-header-meta":"","header-above-stick-meta":"","header-main-stick-meta":"","header-below-stick-meta":"","astra-migrate-meta-layouts":"set","ast-page-background-enabled":"default","ast-page-background-meta":{"desktop":{"background-color":"","background-image":"","background-repeat":"repeat","background-position":"center center","background-size":"auto","background-attachment":"scroll","background-type":"","background-media":"","overlay-type":"","overlay-color":"","overlay-opacity":"","overlay-gradient":""},"tablet":{"background-color":"","background-image":"","background-repeat":"repeat","background-position":"center center","background-size":"auto","background-attachment":"scroll","background-type":"","background-media":"","overlay-type":"","overlay-color":"","overlay-opacity":"","overlay-gradient":""},"mobile":{"background-color":"","background-image":"","background-repeat":"repeat","background-position":"center center","background-size":"auto","background-attachment":"scroll","background-type":"","background-media":"","overlay-type":"","overlay-color":"","overlay-opacity":"","overlay-gradient":""}},"ast-content-background-meta":{"desktop":{"background-color":"var(--ast-global-color-5)","background-image":"","background-repeat":"repeat","background-position":"center center","background-size":"auto","background-attachment":"scroll","background-type":"","background-media":"","overlay-type":"","overlay-color":"","overlay-opacity":"","overlay-gradient":""},"tablet":{"background-color":"var(--ast-global-color-5)","background-image":"","background-repeat":"repeat","background-position":"center center","background-size":"auto","background-attachment":"scroll","background-type":"","background-media":"","overlay-type":"","overlay-color":"","overlay-opacity":"","overlay-gradient":""},"mobile":{"background-color":"var(--ast-global-color-5)","background-image":"","background-repeat":"repeat","background-position":"center center","background-size":"auto","background-attachment":"scroll","background-type":"","background-media":"","overlay-type":"","overlay-color":"","overlay-opacity":"","overlay-gradient":""}},"footnotes":""},"class_list":["post-3641","page","type-page","status-publish","hentry"],"_links":{"self":[{"href":"https:\/\/ccb.art.br\/home\/wp-json\/wp\/v2\/pages\/3641","targetHints":{"allow":["GET"]}}],"collection":[{"href":"https:\/\/ccb.art.br\/home\/wp-json\/wp\/v2\/pages"}],"about":[{"href":"https:\/\/ccb.art.br\/home\/wp-json\/wp\/v2\/types\/page"}],"author":[{"embeddable":true,"href":"https:\/\/ccb.art.br\/home\/wp-json\/wp\/v2\/users\/1"}],"replies":[{"embeddable":true,"href":"https:\/\/ccb.art.br\/home\/wp-json\/wp\/v2\/comments?post=3641"}],"version-history":[{"count":92,"href":"https:\/\/ccb.art.br\/home\/wp-json\/wp\/v2\/pages\/3641\/revisions"}],"predecessor-version":[{"id":4561,"href":"https:\/\/ccb.art.br\/home\/wp-json\/wp\/v2\/pages\/3641\/revisions\/4561"}],"wp:attachment":[{"href":"https:\/\/ccb.art.br\/home\/wp-json\/wp\/v2\/media?parent=3641"}],"curies":[{"name":"wp","href":"https:\/\/api.w.org\/{rel}","templated":true}]}}